{"id":897,"date":"2022-08-03T21:15:58","date_gmt":"2022-08-03T21:15:58","guid":{"rendered":"http:\/\/localhost\/wordpress\/?page_id=897"},"modified":"2026-04-06T13:03:07","modified_gmt":"2026-04-06T13:03:07","slug":"contacto","status":"publish","type":"page","link":"https:\/\/keruanima.com\/en\/contacto\/","title":{"rendered":"Contact form"},"content":{"rendered":"\n<p>haz uso de este formulario para contactar conmigo y tratar cualquier tema.<\/p>\n\n\n<div class=\"jet-fb-form-block\" data-is-block=\"jet-forms\/form-block\"><style id=\"jet-form-builder-3850-inline-css\"><\/style><form  class=\"jet-form-builder layout-column submit-type-reload\" action=\"https:\/\/keruanima.com\/en\/wp-json\/wp\/v2\/pages\/897\/?i0o8s4=EIRp8jlb9H&amp;method=reload\" method=\"POST\" data-form-id=\"3850\" data-layout=\"column\" enctype=\"multipart\/form-data\" novalidate=\"null\" ssr_validation_method=\"rest\"><input type=\"hidden\" id=\"_wpnonce\" name=\"_wpnonce\" value=\"16942e553d\" \/><input type=\"hidden\" name=\"_wp_http_referer\" value=\"\/en\/wp-json\/wp\/v2\/pages\/897\" \/>\r\n<input type=\"hidden\" name=\"_jfb_current_render_states[]\" value=\"DEFAULT.STATE\" data-jfb-sync \/><input type=\"hidden\" class=\"jet-form-builder__field hidden-field\" name=\"_jet_engine_booking_form_id\" data-field-name=\"_jet_engine_booking_form_id\" value=\"3850\">\n<input type=\"hidden\" class=\"jet-form-builder__field hidden-field\" name=\"_jet_engine_refer\" data-field-name=\"_jet_engine_refer\" value=\"https:\/\/keruanima.com\/en\/wp-json\/wp\/v2\/pages\/897\/\">\n<input type=\"hidden\" class=\"jet-form-builder__field hidden-field\" name=\"__queried_post_id\" data-field-name=\"__queried_post_id\" value=\"897\">\n<div  class=\"jet-form-builder-row field-type-select-field wp-block-jet-forms-select-field\">\n<div class=\"jet-form-builder__label\">\r\n<div class=\"jet-form-builder__label-text\">Motivo de la consulta <span class=\"jet-form-builder__required\">*<\/span><\/div><\/div><div class=\"jet-form-builder__field-wrap\">\n\t<select class=\"jet-form-builder__field select-field\" required=\"required\" name=\"motivo_de_la_consulta\" data-field-name=\"motivo_de_la_consulta\" id=\"motivo_de_la_consulta\" data-jfb-sync=\"null\">\n\t\t<option value=\"CONSULTA ESTANDAR\" >Consulta estandar<\/option><option value=\"PRESUPUESTO\" >Presupuesto<\/option>\t<\/select>\n<\/div>\n<\/div>\n\n<div class=\"jet-form-builder__conditional \" data-jfb-conditional=\"[{&quot;operator&quot;:&quot;equal&quot;,&quot;value&quot;:&quot;PRESUPUESTO&quot;,&quot;field&quot;:&quot;motivo_de_la_consulta&quot;,&quot;use_preset&quot;:false}]\" data-jfb-func=\"show\">\n<div  class=\"jet-form-builder-row field-type-select-field wp-block-jet-forms-select-field\">\n<div class=\"jet-form-builder__label\">\r\n<div class=\"jet-form-builder__label-text\">Tipo de trabajo <span class=\"jet-form-builder__required\">*<\/span><\/div><\/div><div class=\"jet-form-builder__field-wrap\">\n\t<select class=\"jet-form-builder__field select-field\" required=\"required\" name=\"tipo_de_trabajo\" data-field-name=\"tipo_de_trabajo\" id=\"tipo_de_trabajo\" data-jfb-sync=\"null\">\n\t\t<option value=\"1\"  data-calculate=\"1000\">p\u00e1gina web de hasta 5 secciones<\/option><option value=\"2\"  data-calculate=\"2000\">dise\u00f1o de interfaz y experiencia de usuario (UI\/UX) hasta 5 pantallas<\/option><option value=\"3\"  data-calculate=\"480\">crear un v\u00eddeo de 1 minuto<\/option><option value=\"4\"  data-calculate=\"4800\">confecci\u00f3n de un videojuego<\/option><option value=\"5\" >ninguna de las anteriores<\/option>\t<\/select>\n<\/div><div class=\"jet-form-builder__desc\"><small>Selecciona el tipo de trabajo para recibir una estimaci\u00f3n directa del presupuesto m\u00ednimo que vas a necesitar para este trabajo.<\/small><\/div>\n<\/div>\n\n\n<div  class=\"jet-form-builder-row field-type-calculated-field\" >\n<div class=\"jet-form-builder__label\">\r\n<div class=\"jet-form-builder__label-text\">A PARTIR DE....<\/div><\/div><div data-formula=\"%tipo_de_trabajo%\" data-name=\"estimacion_de_precio_desde\" data-precision=\"0\" data-sep-decimal=\".\" data-value-type=\"number\" data-date-format=\"YYYY-MM-DD\" class=\"jet-form-builder__calculated-field\">\n\t\t\t<input type=\"hidden\"\n\t\t\tname=\"estimacion_de_precio_desde\"\n\t\t\tid=\"estimacion_de_precio_desde\"\n\t\t\tvalue=\"\"\n\t\t\tclass=\"jet-form-builder__calculated-field-input jet-form-builder__field\"\n\t\t\tdata-field-name=\"estimacion_de_precio_desde\"\n\t\t\tdata-jfb-sync\n\t\/>\n\t<div class=\"jet-form-builder__calculated-field-val\">0.00<\/div>\n\t\t\t<div class=\"jet-form-builder__calculated-field-suffix\"> \u20ac<\/div>\n\t\t<\/div>\n<\/div>\n\n<\/div>\n\n<div  class=\"jet-form-builder-row field-type-text-field\" >\n<div class=\"jet-form-builder__label\">\r\n<div class=\"jet-form-builder__label-text\">\u00bfA qu\u00e9 direcci\u00f3n de email deber\u00eda responder? <span class=\"jet-form-builder__required\">*<\/span><\/div><\/div><div class=\"jet-form-builder__field-wrap\">\n\t\t\t\t<input placeholder=\"tuemail@dominio.com\" required=\"required\" name=\"email\" id=\"email\" type=\"email\" data-field-name=\"email\" class=\"jet-form-builder__field text-field\" data-jfb-sync=\"null\" autocomplete=\"off_Py89HF0C\">\n\t\t\t\t\t<\/div>\n<\/div>\n\n<div  class=\"jet-form-builder-row field-type-text-field\" >\n<div class=\"jet-form-builder__label\">\r\n<div class=\"jet-form-builder__label-text\">\u00bfC\u00f3mo te llamas? <span class=\"jet-form-builder__required\">*<\/span><\/div><\/div><div class=\"jet-form-builder__field-wrap\">\n\t\t\t\t<input required=\"required\" name=\"subject\" id=\"subject\" type=\"text\" data-field-name=\"subject\" class=\"jet-form-builder__field text-field\" data-jfb-sync=\"null\" autocomplete=\"off_HQA5BiFs\">\n\t\t\t\t\t<\/div>\n<\/div>\n\n<div  class=\"jet-form-builder-row field-type-textarea-field\" >\n<div class=\"jet-form-builder__label\">\r\n<div class=\"jet-form-builder__label-text\">\u00bfQu\u00e9 necesitas? <span class=\"jet-form-builder__required\">*<\/span><\/div><\/div><div class=\"jet-form-builder__field-wrap\">\n\t\t<textarea class=\"jet-form-builder__field textarea-field\" required=\"required\" name=\"message\" data-field-name=\"message\" id=\"message\" data-jfb-sync=\"null\"><\/textarea>\n\t<\/div>\n<\/div>\n\n\n<input type=\"hidden\" class=\"captcha-token\" name=\"_captcha_token\" value=\"\"\/>\n\n\n<div  class=\"jet-form-builder-row field-type-submit-field\" >\n\t<div data-type=\"submit\" class=\"jet-form-builder__action-button-wrapper jet-form-builder__submit-wrap\">\n\t<button class=\"jet-form-builder__action-button jet-form-builder__submit submit-type-reload\" type=\"submit\">Enviar<\/button>\n\t<\/div>\n\t\n<\/div>\t<div class=\"jet-form-builder-messages-wrap\" data-form-id=\"3850\"><\/div>\n<\/form>\n<\/div>\n","protected":false},"excerpt":{"rendered":"<p>haz uso de este formulario para contactar conmigo y tratar cualquier tema.<\/p>","protected":false},"author":1,"featured_media":0,"parent":0,"menu_order":0,"comment_status":"closed","ping_status":"closed","template":"","meta":{"_acf_changed":false,"footnotes":""},"class_list":["post-897","page","type-page","status-publish","hentry"],"acf":[],"aioseo_notices":[],"_links":{"self":[{"href":"https:\/\/keruanima.com\/en\/wp-json\/wp\/v2\/pages\/897","targetHints":{"allow":["GET"]}}],"collection":[{"href":"https:\/\/keruanima.com\/en\/wp-json\/wp\/v2\/pages"}],"about":[{"href":"https:\/\/keruanima.com\/en\/wp-json\/wp\/v2\/types\/page"}],"author":[{"embeddable":true,"href":"https:\/\/keruanima.com\/en\/wp-json\/wp\/v2\/users\/1"}],"replies":[{"embeddable":true,"href":"https:\/\/keruanima.com\/en\/wp-json\/wp\/v2\/comments?post=897"}],"version-history":[{"count":23,"href":"https:\/\/keruanima.com\/en\/wp-json\/wp\/v2\/pages\/897\/revisions"}],"predecessor-version":[{"id":4371,"href":"https:\/\/keruanima.com\/en\/wp-json\/wp\/v2\/pages\/897\/revisions\/4371"}],"wp:attachment":[{"href":"https:\/\/keruanima.com\/en\/wp-json\/wp\/v2\/media?parent=897"}],"curies":[{"name":"wp","href":"https:\/\/api.w.org\/{rel}","templated":true}]}}